{"id":1669,"date":"2021-01-26T06:12:24","date_gmt":"2021-01-26T05:12:24","guid":{"rendered":"http:\/\/www.glycogenoses.org\/st_ntgrtn\/?page_id=1669"},"modified":"2021-05-01T13:01:28","modified_gmt":"2021-05-01T12:01:28","slug":"bibliotheque","status":"publish","type":"page","link":"https:\/\/www.glycogenoses.org\/st_qlfctn\/bibliotheque\/","title":{"rendered":"Biblioth\u00e8que"},"content":{"rendered":"<section id=\"bt_section69f1f9355553c\"  class=\"boldSection topSpaced bottomSemiSpaced gutter inherit\" ><div class=\"port\"><div class=\"boldCell\"><div class=\"boldCellInner\"><div class=\"boldRow  \" ><div class=\"boldRowInner\"><div class=\"rowItem col-md-12 col-ms-12  btTextLeft animate animate-fadein inherit\"  ><div class=\"rowItemContent\" ><div class=\"btClear btSeparator noBorder\" ><hr><\/div><header class=\"header btClear large btDash topDash  btAccentDash\" ><div class=\"btSuperTitle\">Toutes les informations disponible dans un endroit<\/div><div class=\"dash\"><h2><span class=\"headline\"><em> Votre biblioth\u00e8que en ligne <\/em><\/span><\/h2><\/div><\/header><div class=\"btClear btSeparator topSemiSpaced bottomSemiSpaced border\" ><hr><\/div><\/div><\/div><\/div><\/div><div class=\"boldRow  \" ><div class=\"boldRowInner\"><div class=\"rowItem col-md-4 col-ms-12 btTextCenter animate animate-fadein inherit\"  ><div class=\"rowItemContent\" ><div class=\"btClear btSeparator topSmallSpaced noBorder\" ><hr><\/div><div class=\"btIconImageRow btIconsHalfHoverPosition\" ><span class=\"btIco btIcoDefaultType btIcoBigSize btIcoAccentColor   \" ><span  data-ico-fa=\"&#xf02d;\" class=\"btIcoHolder\"><em><\/em><\/span><\/span><\/div><div class=\"btClear btSeparator topExtraSmallSpaced noBorder\" ><hr><\/div><a href=\"#\" class=\"btBtn btBtn btnOutlineStyle btnNormalColor btnSmall btnNormalWidth btnRightPosition btnNoIcon\" ><span class=\"btnInnerText\">PNDS Type II ou Maladie de Pompe<\/span><\/a><div class=\"btClear btSeparator topExtraSmallSpaced bottomSmallSpaced noBorder\" ><hr><\/div><\/div><\/div><div class=\"rowItem col-md-4 col-ms-12 btTextCenter animate animate-fadein inherit\"  ><div class=\"rowItemContent\" ><div class=\"btClear btSeparator topSmallSpaced noBorder\" ><hr><\/div><div class=\"btIconImageRow btIconsHalfHoverPosition\" ><span class=\"btIco btIcoDefaultType btIcoBigSize btIcoAccentColor   \" ><span  data-ico-fa=\"&#xf02d;\" class=\"btIcoHolder\"><em><\/em><\/span><\/span><\/div><div class=\"btClear btSeparator topExtraSmallSpaced noBorder\" ><hr><\/div><a href=\"#\" class=\"btBtn btBtn btnOutlineStyle btnNormalColor btnSmall btnNormalWidth btnRightPosition btnNoIcon\" ><span class=\"btnInnerText\">PNDS Type III<\/span><\/a><div class=\"btClear btSeparator topExtraSmallSpaced bottomSmallSpaced noBorder\" ><hr><\/div><\/div><\/div><div class=\"rowItem col-md-4 col-ms-12 btTextCenter animate animate-fadein inherit\"  ><div class=\"rowItemContent\" ><div class=\"btClear btSeparator topSmallSpaced noBorder\" ><hr><\/div><div class=\"btIconImageRow btIconsHalfHoverPosition\" ><span class=\"btIco btIcoDefaultType btIcoBigSize btIcoAccentColor   \" ><span  data-ico-fa=\"&#xf02d;\" class=\"btIcoHolder\"><em><\/em><\/span><\/span><\/div><div class=\"btClear btSeparator topExtraSmallSpaced noBorder\" ><hr><\/div><a href=\"#\" class=\"btBtn btBtn btnOutlineStyle btnNormalColor btnSmall btnNormalWidth btnRightPosition btnNoIcon\" ><span class=\"btnInnerText\">PNDS Type V ou Maladie de Mc Ardle<\/span><\/a><div class=\"btClear btSeparator topExtraSmallSpaced bottomSmallSpaced noBorder\" ><hr><\/div><\/div><\/div><\/div><\/div><div class=\"boldRow  \" ><div class=\"boldRowInner\"><div class=\"rowItem col-md-12 col-ms-12  btTextLeft animate animate-fadein inherit\"  ><div class=\"rowItemContent\" ><div class=\"btClear btSeparator bottomSemiSpaced border bt_bb_hidden_xs bt_bb_hidden_ms bt_bb_hidden_sm\" ><hr><\/div><\/div><\/div><\/div><\/div><div class=\"boldRow  \" ><div class=\"boldRowInner\"><div class=\"rowItem col-md-4 col-ms-12 btTextLeft animate animate-fadein inherit\"  ><div class=\"rowItemContent\" ><div class=\"servicesItem  btIcoAccentColorIcon btIcoBigSizeIcon  \"><div class=\"sIcon\"><span class=\"btIco btIcoBigSize btIcoDefaultType btIcoAccentColor\" ><a href=\"https:\/\/www.glycogenoses.org\/wp-content\/uploads\/2021\/02\/Pompe_101_tips_prep-fr-FR_pdf.pdf\"  data-ico-fa=\"&#xf1c1;\" class=\"btIcoHolder\"><em><\/em><\/a><\/span><\/div><div class=\"sTxt\"><header class=\"header btClear small\" ><div class=\"dash\"><h4><span class=\"headline\">101 Trucs et astuces<\/span><\/h4><\/div><\/header><p>pour mieux vivre avec la maladie de Pompe<\/p><\/div><\/div><div class=\"btClear btSeparator bottomSemiSpaced noBorder\" ><hr><\/div><\/div><\/div><div class=\"rowItem col-md-4 col-ms-12 btTextLeft animate animate-fadein inherit\"  ><div class=\"rowItemContent\" ><div class=\"servicesItem  btIcoAccentColorIcon btIcoBigSizeIcon  \"><div class=\"sIcon\"><span class=\"btIco btIcoBigSize btIcoDefaultType btIcoAccentColor\" ><a href=\"https:\/\/www.glycogenoses.org\/wp-content\/uploads\/2021\/01\/GlycoComics-AFG-la_BD.pdf\"  data-ico-fa=\"&#xf1c1;\" class=\"btIcoHolder\"><em><\/em><\/a><\/span><\/div><div class=\"sTxt\"><header class=\"header btClear small\" ><div class=\"dash\"><h4><span class=\"headline\">Glyco Comics<\/span><\/h4><\/div><\/header><p>Des histoires pour tous ceux qui sont concern\u00e9s par la Glycog\u00e9nose<\/p><\/div><\/div><div class=\"btClear btSeparator bottomSemiSpaced noBorder\" ><hr><\/div><\/div><\/div><div class=\"rowItem col-md-4 col-ms-12 btTextLeft animate animate-fadein inherit\"  ><div class=\"rowItemContent\" ><div class=\"servicesItem  btIcoAccentColorIcon btIcoBigSizeIcon  \"><div class=\"sIcon\"><span class=\"btIco btIcoBigSize btIcoDefaultType btIcoAccentColor\" ><a href=\"https:\/\/www.glycogenoses.org\/wp-content\/uploads\/2020\/03\/POSTER_A4.pdf\"  data-ico-fa=\"&#xf1c1;\" class=\"btIcoHolder\"><em><\/em><\/a><\/span><\/div><div class=\"sTxt\"><header class=\"header btClear small\" ><div class=\"dash\"><h4><span class=\"headline\">Sant\u00e9 BD<\/span><\/h4><\/div><\/header><p>Les gestes simples contre le Corona Virus<\/p><\/div><\/div><div class=\"btClear btSeparator bottomSemiSpaced noBorder\" ><hr><\/div><\/div><\/div><\/div><\/div><div class=\"boldRow  \" ><div class=\"boldRowInner\"><div class=\"rowItem col-md-12 col-ms-12  btTextLeft animate animate-fadein inherit\"  ><div class=\"rowItemContent\" ><div class=\"btClear btSeparator bottomSemiSpaced border bt_bb_hidden_xs bt_bb_hidden_ms bt_bb_hidden_sm\" ><hr><\/div><\/div><\/div><\/div><\/div><div class=\"boldRow  \" ><div class=\"boldRowInner\"><div class=\"rowItem col-md-4 col-ms-12 btTextLeft animate animate-fadein inherit\"  ><div class=\"rowItemContent\" ><div class=\"servicesItem  btIcoAccentColorIcon btIcoBigSizeIcon  \"><div class=\"sIcon\"><span class=\"btIco btIcoBigSize btIcoDefaultType btIcoAccentColor\" ><a href=\"https:\/\/www.glycogenoses.org\/st_qlfctn\/wp-content\/uploads\/2020\/03\/Accueillir-\u00e0-l\u00e9cole-un-enfant-avec-une-glycog\u00e9nose-1.pdf\"  data-ico-fa=\"&#xf1c1;\" class=\"btIcoHolder\"><em><\/em><\/a><\/span><\/div><div class=\"sTxt\"><header class=\"header btClear small\" ><div class=\"dash\"><h4><span class=\"headline\">Accueillir \u00e0 l&rsquo;\u00e9cole un enfant avec une glycog\u00e9nose<\/span><\/h4><\/div><\/header><p>D\u00e9pliant sur les glycog\u00e9noses \u00e0 destination des \u00e9quipes scolaires et p\u00e9riscolaires<\/p><\/div><\/div><div class=\"btClear btSeparator bottomSemiSpaced noBorder bt_bb_hidden_xs bt_bb_hidden_ms bt_bb_hidden_sm\" ><hr><\/div><div class=\"btClear btSeparator bottomSemiSpaced noBorder\" ><hr><\/div><\/div><\/div><div class=\"rowItem col-md-4 col-ms-12 btTextLeft animate animate-fadein inherit\"  ><div class=\"rowItemContent\" ><div class=\"servicesItem  btIcoAccentColorIcon btIcoBigSizeIcon  \"><div class=\"sIcon\"><span class=\"btIco btIcoBigSize btIcoDefaultType btIcoAccentColor\" ><a href=\"https:\/\/www.glycogenoses.org\/wp-content\/uploads\/2017\/02\/Vivre_avec_une_maladie_rare_en_France_dec_2016.pdf\"  data-ico-fa=\"&#xf1c1;\" class=\"btIcoHolder\"><em><\/em><\/a><\/span><\/div><div class=\"sTxt\"><header class=\"header btClear small\" ><div class=\"dash\"><h4><span class=\"headline\">Vivre avec une maladie rare en France<\/span><\/h4><\/div><\/header><p>Nouvelle \u00e9dition du Cahier Orphanet \u00ab\u00a0Vivre avec une maladie rare en France &#8211; Aides et prestations (d\u00e9cembre 2016)\u00a0\u00bb<\/p><\/div><\/div><div class=\"btClear btSeparator bottomSemiSpaced noBorder bt_bb_hidden_xs bt_bb_hidden_ms bt_bb_hidden_sm\" ><hr><\/div><div class=\"btClear btSeparator bottomSemiSpaced noBorder\" ><hr><\/div><\/div><\/div><div class=\"rowItem col-md-4 col-ms-12 btTextLeft animate animate-fadein inherit\"  ><div class=\"rowItemContent\" ><div class=\"servicesItem  btIcoAccentColorIcon btIcoBigSizeIcon  \"><div class=\"sIcon\"><span class=\"btIco btIcoBigSize btIcoDefaultType btIcoAccentColor\" ><a href=\"https:\/\/www.glycogenoses.org\/st_qlfctn\/wp-content\/uploads\/2014\/10\/Version-WEB-REVUE-34-AFG.pdf\"  data-ico-fa=\"&#xf1c1;\" class=\"btIcoHolder\"><em><\/em><\/a><\/span><\/div><div class=\"sTxt\"><header class=\"header btClear small\" ><div class=\"dash\"><h4><span class=\"headline\">Ma REVUE N\u00b034<\/span><\/h4><\/div><\/header><p>Le journal des Glycog\u00e9noses<\/p><\/div><\/div><div class=\"btClear btSeparator bottomSemiSpaced noBorder bt_bb_hidden_xs bt_bb_hidden_ms bt_bb_hidden_sm\" ><hr><\/div><div class=\"btClear btSeparator bottomSemiSpaced noBorder\" ><hr><\/div><\/div><\/div><\/div><\/div><div class=\"boldRow  \" ><div class=\"boldRowInner\"><div class=\"rowItem col-md-12 col-ms-12  btTextLeft animate animate-fadein inherit\"  ><div class=\"rowItemContent\" ><div class=\"btClear btSeparator bottomSemiSpaced border bt_bb_hidden_xs bt_bb_hidden_ms bt_bb_hidden_sm\" ><hr><\/div><\/div><\/div><\/div><\/div><div class=\"boldRow  \" ><div class=\"boldRowInner\"><div class=\"rowItem col-md-4 col-ms-12 btTextLeft animate animate-fadein inherit\"  ><div class=\"rowItemContent\" ><div class=\"servicesItem  btIcoAccentColorIcon btIcoBigSizeIcon  \"><div class=\"sIcon\"><span class=\"btIco btIcoBigSize btIcoDefaultType btIcoAccentColor\" ><a href=\"https:\/\/www.glycogenoses.org\/st_qlfctn\/wp-content\/uploads\/2021\/03\/101-trucs-Mac-Ardle-2017-1.pdf\"  data-ico-fa=\"&#xf1c1;\" class=\"btIcoHolder\"><em><\/em><\/a><\/span><\/div><div class=\"sTxt\"><header class=\"header btClear small\" ><div class=\"dash\"><h4><span class=\"headline\">101 Trucs et astuces<\/span><\/h4><\/div><\/header><p>pour mieux vivre avec la maladie Mac Ardle<\/p><\/div><\/div><div class=\"btClear btSeparator bottomSemiSpaced noBorder\" ><hr><\/div><\/div><\/div><div class=\"rowItem col-md-4 col-ms-12 btTextLeft animate animate-fadein inherit\"  ><div class=\"rowItemContent\" ><\/div><\/div><div class=\"rowItem col-md-4 col-ms-12 btTextLeft animate animate-fadein inherit\"  ><div class=\"rowItemContent\" ><\/div><\/div><\/div><\/div><\/div><\/div><\/div><\/section>\n","protected":false},"excerpt":{"rendered":"","protected":false},"author":7,"featured_media":0,"parent":0,"menu_order":0,"comment_status":"closed","ping_status":"closed","template":"","meta":[],"_links":{"self":[{"href":"https:\/\/www.glycogenoses.org\/st_qlfctn\/wp-json\/wp\/v2\/pages\/1669"}],"collection":[{"href":"https:\/\/www.glycogenoses.org\/st_qlfctn\/wp-json\/wp\/v2\/pages"}],"about":[{"href":"https:\/\/www.glycogenoses.org\/st_qlfctn\/wp-json\/wp\/v2\/types\/page"}],"author":[{"embeddable":true,"href":"https:\/\/www.glycogenoses.org\/st_qlfctn\/wp-json\/wp\/v2\/users\/7"}],"replies":[{"embeddable":true,"href":"https:\/\/www.glycogenoses.org\/st_qlfctn\/wp-json\/wp\/v2\/comments?post=1669"}],"version-history":[{"count":48,"href":"https:\/\/www.glycogenoses.org\/st_qlfctn\/wp-json\/wp\/v2\/pages\/1669\/revisions"}],"predecessor-version":[{"id":2697,"href":"https:\/\/www.glycogenoses.org\/st_qlfctn\/wp-json\/wp\/v2\/pages\/1669\/revisions\/2697"}],"wp:attachment":[{"href":"https:\/\/www.glycogenoses.org\/st_qlfctn\/wp-json\/wp\/v2\/media?parent=1669"}],"curies":[{"name":"wp","href":"https:\/\/api.w.org\/{rel}","templated":true}]}}