{"id":187,"date":"2015-06-12T12:56:27","date_gmt":"2015-06-12T11:56:27","guid":{"rendered":"http:\/\/www.futur.glycogenoses.org\/?page_id=187"},"modified":"2021-03-21T18:57:50","modified_gmt":"2021-03-21T17:57:50","slug":"defiscalisation-des-dons-pour-lafg-dans-plusieurs-pays-de-leurope","status":"publish","type":"page","link":"https:\/\/www.glycogenoses.org\/st_qlfctn\/adhesion\/defiscalisation-des-dons-pour-lafg-dans-plusieurs-pays-de-leurope\/","title":{"rendered":"D\u00e9fiscalisation des dons pour l&rsquo;AFG dans plusieurs pays de l&rsquo;Europe"},"content":{"rendered":"<section id=\"bt_section69f33418f409e\"  class=\"boldSection gutter\" ><div class=\"port\"><div class=\"boldCell\"><div class=\"boldCellInner\"><div class=\"boldRow  \" ><div class=\"boldRowInner\"><div class=\"rowItem col-md-12 col-ms-12  btTextLeft animate animate-fadein inherit\"  ><div class=\"rowItemContent\" ><div class=\"btClear btSeparator bottomSemiSpaced noBorder\" ><hr><\/div><header class=\"header btClear medium  btAccentDash\" ><div class=\"dash\"><h3><span class=\"headline\">D\u00e9fiscalisation des dons pour l\u2019AFG dans plusieurs pays de l\u2019Europe<\/span><\/h3><\/div><\/header><div class=\"btClear btSeparator bottomSemiSpaced border\" ><hr><\/div><\/div><\/div><\/div><\/div><div class=\"boldRow  \" ><div class=\"boldRowInner\"><div class=\"rowItem col-md-3 col-sm-6 col-ms-12 btTextLeft animate animate-fadein btMiddleVertical\"  ><div class=\"rowItemContent\" ><div class=\"bpgPhoto btTextCenter\" ><div class=\"btImage\"><img src=\"https:\/\/www.glycogenoses.org\/st_qlfctn\/wp-content\/uploads\/2021\/01\/Belgium.png\" alt=\"\" title=\"\"><\/div><\/div><div class=\"btClear btSeparator bottomSemiSpaced noBorder\" ><hr><\/div><\/div><\/div><div class=\"rowItem col-md-9 col-ms-12  btTextLeft\"  ><div class=\"rowItemContent\" ><header class=\"header btClear large btDash bottomDash  btAccentDash\" ><div class=\"dash\"><h2><span class=\"headline\"><em>Belgique<\/em><\/span><\/h2><\/div><\/header><div class=\"btClear btSeparator bottomExtraSmallSpaced noBorder\" ><hr><\/div><div class=\"btText\" ><\/p>\n<p>Les dons peuvent \u00eatre vers\u00e9s au num\u00e9ro de compte de la Fondation Roi Baudouin :<br \/>\n<strong>Num\u00e9ro de compte :<\/strong> 000-0000004-04<br \/>\n<strong>Banque :<\/strong> banque de la poste<br \/>\n<strong>Adresse :<\/strong> rue des colonies (P28) \u2013 1000 Bruxelles<br \/>\n<strong>IBAN :<\/strong> BE10 0000 0000 0404<br \/>\n<strong>BIC :<\/strong> BPOTBEB1<br \/>\nAvec la mention obligatoire : TGE \u2013 ASSOCIATION FRANCOPHONE DES GLYCOGENOSES \u2013 France.<\/p>\n<p>Ludwig Forrest, notre correspondant \u00e0 la Fondation Roi Baudouin, est \u00e0 la disposition des donateurs.<br \/>\nIls peuvent le contacter au 00 32 2 511 18 40.<br \/>\nLa Fondation Roi Baudouin fournit des attestations fiscales au mois de f\u00e9vrier l\u2019ann\u00e9e d\u2019apr\u00e8s pour tout don de 30 \u20ac ou plus.<\/p>\n<p>\n<\/div><div class=\"btClear btSeparator bottomExtraSmallSpaced noBorder\" ><hr><\/div><\/div><\/div><\/div><\/div><div class=\"boldRow  \" ><div class=\"boldRowInner\"><div class=\"rowItem col-md-12 col-ms-12  btTextLeft animate animate-fadein inherit\"  ><div class=\"rowItemContent\" ><div class=\"btClear btSeparator topSemiSpaced bottomSemiSpaced border\" ><hr><\/div><\/div><\/div><\/div><\/div><div class=\"boldRow  \" ><div class=\"boldRowInner\"><div class=\"rowItem col-md-3 col-sm-6 col-ms-12 btTextLeft\"  ><div class=\"rowItemContent\" ><div class=\"bpgPhoto btTextCenter\" ><div class=\"btImage\"><img src=\"https:\/\/www.glycogenoses.org\/st_qlfctn\/wp-content\/uploads\/2021\/01\/Germany.png\" alt=\"Allemagne\" title=\"Allemagne\"><\/div><\/div><\/div><\/div><div class=\"rowItem col-md-9 col-ms-12  btTextLeft\"  ><div class=\"rowItemContent\" ><header class=\"header btClear large btDash bottomDash  btAccentDash\" ><div class=\"dash\"><h2><span class=\"headline\"><em> Allemagne <\/em><\/span><\/h2><\/div><\/header><div class=\"btClear btSeparator bottomExtraSmallSpaced noBorder\" ><hr><\/div><div class=\"btText\" ><\/p>\n<p>Les informations pour les donateurs r\u00e9sidant en Allemagne qui devront faire leurs dons par virement sont les suivantes :<br \/>\n<strong>B\u00e9n\u00e9ficiaire :<\/strong> Maecenata International e.V. ASSOCIATION FRANCOPHONE DES GLYCOGENOSES \u2013 France<br \/>\n<strong>Adresse :<\/strong> Herzogstra\u00dfe 60 \u2013 80803 M\u00fcnchen<br \/>\n<strong>IBAN :<\/strong> DE58700303000133853500<br \/>\n<strong>BIC :<\/strong> REUCDEMMXXX<br \/>\n<strong>Bank :<\/strong> Bankhaus Reuschel &amp; Co 80285 M\u00fcnchen.<\/p>\n<p>Attention, les donateurs allemands devront imp\u00e9rativement indiquer leur adresse sur la demande de virement afin que Maecenata International puisse leur envoyer leur re\u00e7u fiscal.<br \/>\nEnfin, Veronika Hofmann, notre correspondante chez \u00ab Maecenata International \u00bb, est \u00e0 la disposition des donateurs.<br \/>\nIls peuvent la contacter au 00 49-89-284452 ou <a href=\"mailto:mint@maecenata-management.de\">mint@maecenata-management.de<\/a><\/p>\n<p>\n<\/div><div class=\"btClear btSeparator bottomExtraSmallSpaced noBorder\" ><hr><\/div><\/div><\/div><\/div><\/div><div class=\"boldRow  \" ><div class=\"boldRowInner\"><div class=\"rowItem col-md-12 col-ms-12  btTextLeft animate animate-fadein inherit\"  ><div class=\"rowItemContent\" ><div class=\"btClear btSeparator topSemiSpaced bottomSemiSpaced border\" ><hr><\/div><\/div><\/div><\/div><\/div><div class=\"boldRow  \" ><div class=\"boldRowInner\"><div class=\"rowItem col-md-3 col-sm-6 col-ms-12 btTextLeft\"  ><div class=\"rowItemContent\" ><div class=\"bpgPhoto btTextCenter\" ><div class=\"btImage\"><img src=\"https:\/\/www.glycogenoses.org\/st_qlfctn\/wp-content\/uploads\/2021\/01\/United-kingdom.png\" alt=\"Angleterre\" title=\"Angleterre\"><\/div><\/div><\/div><\/div><div class=\"rowItem col-md-9 col-ms-12  btTextLeft\"  ><div class=\"rowItemContent\" ><header class=\"header btClear large btDash bottomDash  btAccentDash\" ><div class=\"dash\"><h2><span class=\"headline\"><em> Angleterre<\/em><\/span><\/h2><\/div><\/header><div class=\"btClear btSeparator bottomExtraSmallSpaced noBorder\" ><hr><\/div><div class=\"btText\" ><\/p>\n<p>Les donateurs r\u00e9sidant en Angleterre doivent entrer en contact avec M. Keith Jefferies, de la \u00ab Charities Aid Foundation \u00bb (CAF) au 00 44 3000 123 332 ou <a href=\"mailto:tge@cafonline.org\">tge@cafonline.org<\/a> afin de voir avec lui les proc\u00e9dures de versement de dons.<br \/>\nLes dons sont accept\u00e9s \u00e0 partir de 250 \u00a3.<\/p>\n<p><strong>IBAN :<\/strong> GB17 NWBK 60300636880027<br \/>\n<strong>SWIFT :<\/strong> NWBK GB 2L<br \/>\nPays \u2013 Bas<\/p>\n<p>Les donateurs r\u00e9sidant aux Pays-Bas doivent entrer en contact avec Mr Th\u00e9o Van Oosten du \u00ab Oranje Fonds \u00bb au 00 31 30 65 64 524 ou <a href=\"mailto:Oosten@oranjefonds.nl\">Oosten@oranjefonds.nl<\/a> afin de voir avec lui les proc\u00e9dures de versement de dons.<\/p>\n<p>\n<\/div><div class=\"btClear btSeparator bottomExtraSmallSpaced noBorder\" ><hr><\/div><\/div><\/div><\/div><\/div><div class=\"boldRow  \" ><div class=\"boldRowInner\"><div class=\"rowItem col-md-12 col-ms-12  btTextLeft animate animate-fadein inherit\"  ><div class=\"rowItemContent\" ><div class=\"btClear btSeparator topSemiSpaced bottomSemiSpaced border\" ><hr><\/div><\/div><\/div><\/div><\/div><div class=\"boldRow  \" ><div class=\"boldRowInner\"><div class=\"rowItem col-md-3 col-sm-6 col-ms-12 btTextLeft\"  ><div class=\"rowItemContent\" ><div class=\"bpgPhoto btTextCenter\" ><div class=\"btImage\"><img src=\"https:\/\/www.glycogenoses.org\/st_qlfctn\/wp-content\/uploads\/2021\/01\/Switzerland.png\" alt=\"Suisse\" title=\"Suisse\"><\/div><\/div><\/div><\/div><div class=\"rowItem col-md-9 col-ms-12  btTextLeft\"  ><div class=\"rowItemContent\" ><header class=\"header btClear large btDash bottomDash  btAccentDash\" ><div class=\"dash\"><h2><span class=\"headline\"><em> Suisse<\/em><\/span><\/h2><\/div><\/header><div class=\"btClear btSeparator bottomExtraSmallSpaced noBorder\" ><hr><\/div><div class=\"btText\" ><\/p>\n<p>Comment faire un don depuis la Suisse ?<\/p>\n<p>1. Remplir le talon ci-dessous :<\/p>\n<p><span style=\"color: #008080;\"><strong><a style=\"color: #008080;\" href=\"http:\/\/www.glycogenoses.org\/wp-content\/uploads\/2015\/06\/Dons_en_Suisse.pdf\">Dons_en_Suisse [PDF]<\/a><\/strong><\/span><br \/>\nLe donner \u00e0 un repr\u00e9sentant AFG ou envoyer un mail \u00e0 la SPF reprenant les m\u00eames informations.<\/p>\n<p>2. Faire votre don (en FS) avec les informations suivantes :<\/p>\n<p>\u2013 Banque : UBS SA, PO Box, CH-121 Geneva-2<\/p>\n<p>Compte de Swiss Philanthropy Foundation, CH-1206 Geneva<br \/>\n<strong>SWIFT\/BIC<\/strong> <strong>:<\/strong> UBSWCHZH80A<br \/>\n<strong>R\u00e9f\u00e9rence :<\/strong> Association Francophone des Glycog\u00e9noses \u2013 France<br \/>\n<strong>Compte :<\/strong> N\u00b0 240-672951.01W<br \/>\n<strong>IBAN :<\/strong> CH82 0024 0240 6729 5101W<\/p>\n<p>3. Une fois votre don re\u00e7u, SPF confirme ce don par e-mail. Pour des dons de moins de 30 FS, nous sugg\u00e9rons de ne pas demander un re\u00e7u fiscal, autrement, un re\u00e7u fiscal vous sera envoy\u00e9 au d\u00e9but de f\u00e9vrier, l\u2019ann\u00e9e apr\u00e8s votre donation.<\/p>\n<p>L\u2019AFG vous enverra gracieusement leur revue, qui contient les informations sur l\u2019utilisation des dons et de notre action<\/p>\n<p>Email : <a href=\"mailto:contact@swissphilanthropy.ch\">contact@swissphilanthropy.ch<\/a><\/p>\n<p>\n<\/div><div class=\"btClear btSeparator bottomExtraSmallSpaced noBorder\" ><hr><\/div><\/div><\/div><\/div><\/div><div class=\"boldRow  \" ><div class=\"boldRowInner\"><div class=\"rowItem col-md-12 col-ms-12  btTextLeft animate animate-fadein inherit\"  ><div class=\"rowItemContent\" ><div class=\"btClear btSeparator topSemiSpaced bottomSemiSpaced border\" ><hr><\/div><\/div><\/div><\/div><\/div><\/div><\/div><\/div><\/section>\n","protected":false},"excerpt":{"rendered":"","protected":false},"author":7,"featured_media":0,"parent":12,"menu_order":0,"comment_status":"closed","ping_status":"closed","template":"","meta":[],"_links":{"self":[{"href":"https:\/\/www.glycogenoses.org\/st_qlfctn\/wp-json\/wp\/v2\/pages\/187"}],"collection":[{"href":"https:\/\/www.glycogenoses.org\/st_qlfctn\/wp-json\/wp\/v2\/pages"}],"about":[{"href":"https:\/\/www.glycogenoses.org\/st_qlfctn\/wp-json\/wp\/v2\/types\/page"}],"author":[{"embeddable":true,"href":"https:\/\/www.glycogenoses.org\/st_qlfctn\/wp-json\/wp\/v2\/users\/7"}],"replies":[{"embeddable":true,"href":"https:\/\/www.glycogenoses.org\/st_qlfctn\/wp-json\/wp\/v2\/comments?post=187"}],"version-history":[{"count":14,"href":"https:\/\/www.glycogenoses.org\/st_qlfctn\/wp-json\/wp\/v2\/pages\/187\/revisions"}],"predecessor-version":[{"id":2572,"href":"https:\/\/www.glycogenoses.org\/st_qlfctn\/wp-json\/wp\/v2\/pages\/187\/revisions\/2572"}],"up":[{"embeddable":true,"href":"https:\/\/www.glycogenoses.org\/st_qlfctn\/wp-json\/wp\/v2\/pages\/12"}],"wp:attachment":[{"href":"https:\/\/www.glycogenoses.org\/st_qlfctn\/wp-json\/wp\/v2\/media?parent=187"}],"curies":[{"name":"wp","href":"https:\/\/api.w.org\/{rel}","templated":true}]}}