{"id":2333,"date":"2021-02-07T00:14:14","date_gmt":"2021-02-06T23:14:14","guid":{"rendered":"https:\/\/www.glycogenoses.org\/st_qlfctn\/?page_id=2333"},"modified":"2021-02-12T07:04:09","modified_gmt":"2021-02-12T06:04:09","slug":"mention-legales","status":"publish","type":"page","link":"https:\/\/www.glycogenoses.org\/st_qlfctn\/mention-legales\/","title":{"rendered":"Mentions L\u00e9gales"},"content":{"rendered":"<section id=\"bt_section69f27c4e1bc67\"  class=\"boldSection topSemiSpaced bottomSemiSpaced gutter inherit\" ><div class=\"port\"><div class=\"boldCell\"><div class=\"boldCellInner\"><div class=\"boldRow  \" ><div class=\"boldRowInner\"><div class=\"rowItem col-md-12 col-ms-12  btTextLeft\"  ><div class=\"rowItemContent\" ><header class=\"header btClear large  btAccentDash\" ><div class=\"dash\"><h2><span class=\"headline\"><em>Mentions l\u00e9gales<\/em><\/span><\/h2><\/div><\/header><div class=\"btClear btSeparator topExtraSmallSpaced bottomExtraSmallSpaced noBorder\" ><hr><\/div><div class=\"btText\" ><\/p>\n<p>Glycogenoses.org, le site institutionnel de l&rsquo;AFG<\/p>\n<p>Vous \u00eates actuellement connect\u00e9 sur le site de l\u2019Association Francophone des Glycog\u00e9noses, association r\u00e9gie par la loi du 1er juillet 1901 immatricul\u00e9e \u00e0 la pr\u00e9fecture des Yvelines sous le num\u00e9ro W335000687, reconnue d&rsquo;int\u00e9r\u00eat g\u00e9n\u00e9ral, dont le si\u00e8ge social est situ\u00e9 \u00e0 Guyancourt : <em>21 rue de la Mare de Troux &#8211; 78280 Guyancourt<\/em><\/p>\n<p>Ce site est enti\u00e8rement financ\u00e9 par l&rsquo;AFG- gr\u00e2ce aux dons et aux b\u00e9n\u00e9voles de l\u2019association.<\/p>\n<p>Conform\u00e9ment aux dispositions des Articles 6-III et 19 de la Loi n\u00b02004-575 du 21 juin 2004 pour la Confiance dans l\u2019\u00e9conomie num\u00e9rique, dite L.C.E.N., il est port\u00e9 \u00e0 la connaissance des utilisateurs et visiteurs du site glycogenoses.org les pr\u00e9sentes mentions l\u00e9gales. L\u2019acc\u00e8s et l\u2019utilisation du Site sont soumis aux pr\u00e9sentes \u00ab\u00a0Mentions l\u00e9gales\u00a0\u00bb d\u00e9taill\u00e9es ci-apr\u00e8s ainsi qu\u2019aux lois et\/ou r\u00e8glements applicables.<\/p>\n<p>\n<\/div><div class=\"btClear btSeparator topExtraSmallSpaced bottomSemiSpaced noBorder\" ><hr><\/div><header class=\"header btClear medium  btAccentDash\" ><div class=\"dash\"><h3><span class=\"headline\"><em>1. PRESENTATION DU SITE<\/em><\/span><\/h3><\/div><\/header><div class=\"btClear btSeparator topExtraSmallSpaced bottomExtraSmallSpaced noBorder\" ><hr><\/div><div class=\"btText\" ><\/p>\n<p>Propri\u00e9taire : Association francophone des glycog\u00e9noses \u2013 SIRET 819\u00a0763\u00a0566 00026 \u2013 21 rue de la Mare de Troux \u2013 78280 Guyancourt<\/p>\n<ul>\n<li>Cr\u00e9ateur\u00a0: Goran Jankovic<\/li>\n<li>Webmaster : Goran Jankovic<\/li>\n<li>H\u00e9bergeur : OVH<\/li>\n<li>Responsable publication\u00a0: Laura Simonot en sa qualit\u00e9 de pr\u00e9sidente de l\u2019AFG<\/li>\n<\/ul>\n<p>Toutes les informations d&rsquo;ordre m\u00e9dical et scientifique pr\u00e9sent\u00e9es sur notre site sont s\u00e9lectionn\u00e9es par notre conseil d\u2019administration \u00e0 partir de publications scientifiques fiables.<\/p>\n<p>\n<\/div><div class=\"btClear btSeparator topExtraSmallSpaced bottomSemiSpaced noBorder\" ><hr><\/div><header class=\"header btClear medium  btAccentDash\" ><div class=\"dash\"><h3><span class=\"headline\"><em>2. CONDITIONS G\u00c9N\u00c9RALES D\u2019UTILISATION DU SITE ET DES SERVICES PROPOS\u00c9S<\/em><\/span><\/h3><\/div><\/header><div class=\"btClear btSeparator topExtraSmallSpaced bottomExtraSmallSpaced noBorder\" ><hr><\/div><div class=\"btText\" ><\/p>\n<p>La connexion, l\u2019utilisation et l\u2019acc\u00e8s du site glycogenoses.org impliquent l\u2019acceptation int\u00e9grale et sans r\u00e9serve de l\u2019internaute de toutes les dispositions des pr\u00e9sentes Mentions L\u00e9gales.<\/p>\n<p>Ces conditions d\u2019utilisation sont susceptibles d\u2019\u00eatre modifi\u00e9es ou compl\u00e9t\u00e9es \u00e0 tout moment, les utilisateurs du site glycogenoses.org sont donc invit\u00e9s \u00e0 les consulter de mani\u00e8re r\u00e9guli\u00e8re. Ce site est accessible 24\/24H et 7\/7J sauf interruption programm\u00e9e ou non pour des besoins de maintenance ou en cas de force majeure. Le site glycogenoses.org est mis \u00e0 jour r\u00e9guli\u00e8rement par l\u2019AFG. De la m\u00eame fa\u00e7on, les mentions l\u00e9gales peuvent \u00eatre modifi\u00e9es \u00e0 tout moment : elles s\u2019imposent n\u00e9anmoins \u00e0 l\u2019utilisateur qui est invit\u00e9 \u00e0 s\u2019y r\u00e9f\u00e9rer le plus souvent possible afin d\u2019en prendre connaissance.<\/p>\n<p>\n<\/div><div class=\"btClear btSeparator topExtraSmallSpaced bottomSemiSpaced noBorder\" ><hr><\/div><header class=\"header btClear medium  btAccentDash\" ><div class=\"dash\"><h3><span class=\"headline\"><em>3. COOKIES<\/em><\/span><\/h3><\/div><\/header><div class=\"btClear btSeparator topExtraSmallSpaced bottomExtraSmallSpaced noBorder\" ><hr><\/div><div class=\"btText\" ><\/p>\n<p>Des cookies sont install\u00e9s lors de votre arriv\u00e9e sur glycogenoses.org. Un cookie est un petit fichier qui se met sur votre disque dur et enregistre la configuration de votre navigateur Internet. Un cookie ne peut \u00eatre utilis\u00e9 que par le serveur web qui vous l&rsquo;a envoy\u00e9, ne contient aucun programme ex\u00e9cutable et est donc exempt de virus.<\/p>\n<p>Vous pouvez d\u00e9cider d&rsquo;accepter ou de rejeter les cookies. Vous pouvez aussi configurer votre navigateur pour les accepter automatiquement.<\/p>\n<p>Pour en savoir plus, consultez la\u00a0<strong><span style=\"color: #33cccc;\"><a style=\"color: #33cccc;\" href=\"http:\/\/www.cnil.fr\/vos-libertes\/vos-traces\/les-cookies\/\">fiche d&rsquo;information de la CNIL<\/a><\/span><\/strong>.<\/p>\n<p>\n<\/div><div class=\"btClear btSeparator topExtraSmallSpaced bottomSemiSpaced noBorder\" ><hr><\/div><header class=\"header btClear medium  btAccentDash\" ><div class=\"dash\"><h3><span class=\"headline\"><em>4. DONN\u00c9ES PERSONNELLES<\/em><\/span><\/h3><\/div><\/header><div class=\"btClear btSeparator topExtraSmallSpaced bottomExtraSmallSpaced noBorder\" ><hr><\/div><div class=\"btText\" ><\/p>\n<p>Le r\u00e8glement g\u00e9n\u00e9ral sur la protection des donn\u00e9es (RGPD) impose une information concise, transparente, compr\u00e9hensible et ais\u00e9ment accessible des personnes concern\u00e9es. Cette obligation de transparence est d\u00e9finie aux articles 12, 13 et 14 du RGPD. Le d\u00e9cret n\u00b0 2019-536, publi\u00e9 le 30 mai 2019,<\/p>\n<p>La navigation sur le site glycogenoses.org ne n\u00e9cessite pas de divulguer son identit\u00e9 ou informations personnelles. Les adh\u00e9sions ainsi que les dons se font par l\u2019interm\u00e9diaire du site <em>helloasso<\/em>, par virement ou directement par courrier, toutefois le propri\u00e9taire du site peut demander des informations personnelles relatives \u00e0 l\u2019utilisateur pour le besoin de certains services (demande de contacts, renseignements, \u00e9v\u00e9nements). L\u2019utilisateur fournit ces informations en toute connaissance de cause lorsqu\u2019il proc\u00e8de par lui-m\u00eame \u00e0 leur saisie.<\/p>\n<p>Merci de consulter la politique de confidentialit\u00e9 afin de prendre connaissance de la mani\u00e8re dont l\u2019Association Francophone des Glycog\u00e9noses traite et prot\u00e9ge vos donn\u00e9es \u00e0 caract\u00e8re personnel, ainsi que les choix qui s\u2019offrent \u00e0 vous concernant la collecte, le traitement, l\u2019acc\u00e8s, ainsi que le processus de mise \u00e0 jour, de correction et d\u2019effacement de vos donn\u00e9es \u00e0 caract\u00e8re personnel.<\/p>\n<p>Les bases de donn\u00e9es sont prot\u00e9g\u00e9es par les dispositions de la loi du 1er juillet 1998 transposant la directive 96\/9 du 11 mars 1996 relative \u00e0 la protection juridique des bases de donn\u00e9es<\/p>\n<p>\n<\/div><div class=\"btClear btSeparator topExtraSmallSpaced bottomSemiSpaced noBorder\" ><hr><\/div><header class=\"header btClear medium  btAccentDash\" ><div class=\"dash\"><h3><span class=\"headline\"><em>5. DESCRIPTION DES SERVICES FOURNIS<\/em><\/span><\/h3><\/div><\/header><div class=\"btClear btSeparator topExtraSmallSpaced bottomExtraSmallSpaced noBorder\" ><hr><\/div><div class=\"btText\" ><\/p>\n<p>Le site glycogenoses.org a pour objet de fournir une information concernant l\u2019ensemble des activit\u00e9s de l\u2019association. Sur notre site, nous tenons \u00e0 jour les informations m\u00e9dicales de fa\u00e7on aussi claire que possible. Pour d\u00e9fendre les int\u00e9r\u00eats des personnes atteintes, nous travaillons en \u00e9troite liaison avec d\u2019autres Associations de Maladies Rares. L\u2019AFG s\u2019efforce de fournir des informations aussi pr\u00e9cises que possible.<\/p>\n<p>Toutefois, L\u2019AFG ne pourra \u00eatre tenue responsable des omissions, des inexactitudes et des carences dans la mise \u00e0 jour, qu\u2019elles soient de son fait ou du fait des tiers partenaires qui lui fournissent ces informations.<\/p>\n<p>\n<\/div><div class=\"btClear btSeparator topExtraSmallSpaced bottomSemiSpaced noBorder\" ><hr><\/div><header class=\"header btClear medium  btAccentDash\" ><div class=\"dash\"><h3><span class=\"headline\"><em>6. TELECHARGEMENT DES FICHIERS<\/em><\/span><\/h3><\/div><\/header><div class=\"btClear btSeparator topExtraSmallSpaced bottomExtraSmallSpaced noBorder\" ><hr><\/div><div class=\"btText\" ><\/p>\n<p>La plupart des documents \u00e0 t\u00e9l\u00e9charger font appel au programme \u00ab Acrobat Reader \u00bb \u00e9dit\u00e9 par Adobe Systems Incorporated ou tout autre logiciel de lecture de documents PDF \u00e9quivalents. D&rsquo;autres fichiers peuvent \u00eatre t\u00e9l\u00e9charg\u00e9s aux formats suivants, en particulier \u00ab doc \u00bb, \u00ab rtf \u00bb, \u00ab xls \u00bb, \u00ab ppt \u00bb,\u00ab rm \u00bb, \u00ab ram \u00bb,\u00ab wmv \u00bb, \u00ab mov \u00bb<\/p>\n<p>\n<\/div><div class=\"btClear btSeparator topExtraSmallSpaced bottomSemiSpaced noBorder\" ><hr><\/div><header class=\"header btClear medium  btAccentDash\" ><div class=\"dash\"><h3><span class=\"headline\"><em>7. LIMITATIONS CONTRACTUELLES SUR LES DONN\u00c9ES TECHNIQUES<\/em><\/span><\/h3><\/div><\/header><div class=\"btClear btSeparator topExtraSmallSpaced bottomExtraSmallSpaced noBorder\" ><hr><\/div><div class=\"btText\" ><\/p>\n<p>Le site utilise les technologies JavaScript, PHP, SQL, Jquery. Le site Internet ne pourra \u00eatre tenu responsable de dommages mat\u00e9riels li\u00e9s \u00e0 l\u2019utilisation du site. De plus, l\u2019utilisateur du site s\u2019engage \u00e0 acc\u00e9der au site en utilisant un mat\u00e9riel r\u00e9cent, ne contenant pas de virus et avec un navigateur de derni\u00e8re g\u00e9n\u00e9ration mis-\u00e0-jour.<\/p>\n<p>\n<\/div><div class=\"btClear btSeparator topExtraSmallSpaced bottomSemiSpaced noBorder\" ><hr><\/div><header class=\"header btClear medium  btAccentDash\" ><div class=\"dash\"><h3><span class=\"headline\"><em>8. LIMITATION DE RESPONSABILITE<\/em><\/span><\/h3><\/div><\/header><div class=\"btClear btSeparator topExtraSmallSpaced bottomExtraSmallSpaced noBorder\" ><hr><\/div><div class=\"btText\" ><\/p>\n<p>L&rsquo;utilisation de ce site est sous votre seule et enti\u00e8re responsabilit\u00e9. L&rsquo;AFG ne pourra pas \u00eatre tenue pour responsable des dommages directs ou indirects caus\u00e9s au mat\u00e9riel de l\u2019utilisateur, lors de l\u2019acc\u00e8s au site glycogenoses.org, et r\u00e9sultant soit de l\u2019utilisation d\u2019un mat\u00e9riel ne r\u00e9pondant pas aux sp\u00e9cifications indiqu\u00e9es au point 7, soit de l\u2019apparition d\u2019un bug ou d\u2019une incompatibilit\u00e9.<\/p>\n<p>\n<\/div><div class=\"btClear btSeparator topExtraSmallSpaced bottomSemiSpaced noBorder\" ><hr><\/div><header class=\"header btClear medium  btAccentDash\" ><div class=\"dash\"><h3><span class=\"headline\"><em>9. DROITS D\u2019AUTEUR<\/em><\/span><\/h3><\/div><\/header><div class=\"btClear btSeparator topExtraSmallSpaced bottomExtraSmallSpaced noBorder\" ><hr><\/div><div class=\"btText\" ><\/p>\n<p>La reproduction de tout ou partie de ce site sur un support \u00e9lectronique quel qu\u2019il soit est formellement interdite sauf autorisation expresse de l\u2019AFG.<\/p>\n<p>Les pages du site ne doivent en aucun cas \u00eatre int\u00e9gr\u00e9es \u00e0 l\u2019int\u00e9rieur des pages d\u2019un autre site (Frame, Iframe, calque etc.).<\/p>\n<p>\n<\/div><div class=\"btClear btSeparator topExtraSmallSpaced bottomSemiSpaced noBorder\" ><hr><\/div><header class=\"header btClear medium  btAccentDash\" ><div class=\"dash\"><h3><span class=\"headline\"><em>10. LOI APPLICABLE ET JURIDICTION<\/em><\/span><\/h3><\/div><\/header><div class=\"btClear btSeparator topExtraSmallSpaced bottomExtraSmallSpaced noBorder\" ><hr><\/div><div class=\"btText\" ><\/p>\n<p>Les pr\u00e9sentes Mentions L\u00e9gales sont r\u00e9gies par la loi fran\u00e7aise. En cas de diff\u00e9rend et \u00e0 d\u00e9faut d\u2019accord amiable, le litige sera port\u00e9 devant les tribunaux fran\u00e7ais conform\u00e9ment aux r\u00e8gles de comp\u00e9tence en vigueur.<\/p>\n<p>\n<\/div><div class=\"btClear btSeparator topExtraSmallSpaced bottomSemiSpaced noBorder\" ><hr><\/div><header class=\"header btClear medium  btAccentDash\" ><div class=\"dash\"><h3><span class=\"headline\"><em>11. CONTACT<\/em><\/span><\/h3><\/div><\/header><div class=\"btClear btSeparator topExtraSmallSpaced bottomExtraSmallSpaced noBorder\" ><hr><\/div><div class=\"btText\" ><\/p>\n<p>Pour tout signalement de contenus ou d\u2019activit\u00e9s illicites, l\u2019Utilisateur peut contacter le secr\u00e9taire de l\u2019association \u00e0 l\u2019adresse suivante : secretariat@glycogenoses.org ou par courrier recommand\u00e9 avec accus\u00e9 de r\u00e9ception adress\u00e9 \u00e0 l\u2019AFG aux coordonn\u00e9es pr\u00e9cis\u00e9es dans les pr\u00e9sentes mentions l\u00e9gales.<\/p>\n<p>L\u2019AFG vous souhaite une excellente navigation !<\/p>\n<p>\n<\/div><\/div><\/div><\/div><\/div><\/div><\/div><\/div><\/section>\n","protected":false},"excerpt":{"rendered":"","protected":false},"author":7,"featured_media":0,"parent":0,"menu_order":0,"comment_status":"closed","ping_status":"closed","template":"","meta":[],"_links":{"self":[{"href":"https:\/\/www.glycogenoses.org\/st_qlfctn\/wp-json\/wp\/v2\/pages\/2333"}],"collection":[{"href":"https:\/\/www.glycogenoses.org\/st_qlfctn\/wp-json\/wp\/v2\/pages"}],"about":[{"href":"https:\/\/www.glycogenoses.org\/st_qlfctn\/wp-json\/wp\/v2\/types\/page"}],"author":[{"embeddable":true,"href":"https:\/\/www.glycogenoses.org\/st_qlfctn\/wp-json\/wp\/v2\/users\/7"}],"replies":[{"embeddable":true,"href":"https:\/\/www.glycogenoses.org\/st_qlfctn\/wp-json\/wp\/v2\/comments?post=2333"}],"version-history":[{"count":9,"href":"https:\/\/www.glycogenoses.org\/st_qlfctn\/wp-json\/wp\/v2\/pages\/2333\/revisions"}],"predecessor-version":[{"id":2434,"href":"https:\/\/www.glycogenoses.org\/st_qlfctn\/wp-json\/wp\/v2\/pages\/2333\/revisions\/2434"}],"wp:attachment":[{"href":"https:\/\/www.glycogenoses.org\/st_qlfctn\/wp-json\/wp\/v2\/media?parent=2333"}],"curies":[{"name":"wp","href":"https:\/\/api.w.org\/{rel}","templated":true}]}}