{"id":30,"date":"2015-05-20T09:28:20","date_gmt":"2015-05-20T08:28:20","guid":{"rendered":"http:\/\/127.0.0.1\/projects\/afg\/?page_id=30"},"modified":"2021-03-23T17:47:05","modified_gmt":"2021-03-23T16:47:05","slug":"conseil-scientifique","status":"publish","type":"page","link":"https:\/\/www.glycogenoses.org\/st_qlfctn\/qui-sommes-nous\/conseil-scientifique\/","title":{"rendered":"Conseil scientifique"},"content":{"rendered":"<p><section id=\"bt_section69f99cce446b8\"  class=\"boldSection topSpaced bottomSpaced btDarkSkin gutter inherit wBackground cover\" style=\"background-color:#000000;background-image:url('https:\/\/www.glycogenoses.org\/st_qlfctn\/wp-content\/uploads\/2021\/02\/conseil_scientific_header_dark-scaled.jpg');\"><div class=\"port\"><div class=\"boldCell\"><div class=\"boldCellInner\"><div class=\"boldRow  \" ><div class=\"boldRowInner\"><div class=\"rowItem col-md-8 col-ms-12 btTextLeft animate animate-fadein animate-moveleft inherit\"  ><div class=\"rowItemContent\" ><div class=\"btClear btSeparator bottomSemiSpaced noBorder\" ><hr><\/div><header class=\"header btClear extralarge btDash bottomDash  btAccentDash\" ><div class=\"dash\"><h1><span class=\"headline\"><em>CONSEIL<\/em> <b class=\"animate\">SCIENTIFIQUE<\/b><\/span><\/h1><\/div><\/header><div class=\"btClear btSeparator bottomSemiSpaced noBorder\" ><hr><\/div><\/div><\/div><div class=\"rowItem col-md-4 col-ms-12 btTextLeft\"  ><div class=\"rowItemContent\" ><\/div><\/div><\/div><\/div><div class=\"boldRow  \" ><div class=\"boldRowInner\"><div class=\"rowItem col-md-6 col-sm-12 btTextCenter animate animate-fadein inherit btDoublePadding\"  ><div class=\"rowItemContent\" ><div class=\"btClear btSeparator bottomSemiSpaced noBorder\" ><hr><\/div><header class=\"header btClear medium  btNormalDash\" ><div class=\"btSuperTitle\">Pr\u00e9sident du Conseil Scientifique<\/div><div class=\"dash\"><h3><span class=\"headline\"><b class=\"animate\">Professeur Philippe LABRUNE<\/b><\/span><\/h3><\/div><div class=\"btSubTitle\">H\u00f4pital Antoine B\u00e9cl\u00e8re \u2013 Clamart<\/div><\/header><div class=\"btClear btSeparator bottomSemiSpaced noBorder bt_bb_hidden_xs bt_bb_hidden_ms bt_bb_hidden_sm\" ><hr><\/div><\/div><\/div><div class=\"rowItem btRightBorder col-md-6 col-sm-12 btTextCenter animate animate-fadein inherit btDoublePadding\"  ><div class=\"rowItemContent\" ><\/div><\/div><\/div><\/div><\/div><\/div><\/div><\/section><section id=\"bt_section69f99cce4499a\"  class=\"boldSection topSpaced bottomSpaced btDarkSkin gutter inherit\" style=\"background-color:#282828;\"><div class=\"port\"><div class=\"boldCell\"><div class=\"boldCellInner\"><div class=\"boldRow  \" ><div class=\"boldRowInner\"><div class=\"rowItem col-md-6 col-sm-12 btTextLeft animate animate-fadein animate-moveup inherit btDoublePadding\"  ><div class=\"rowItemContent\" ><div class=\"btClear btSeparator topSemiSpaced noBorder\" ><hr><\/div><header class=\"header btClear medium btDash bottomDash  btAccentDash\" ><div class=\"dash\"><h3><span class=\"headline\"><em>P\u00c9DIATRES <\/em><\/span><\/h3><\/div><div class=\"btSubTitle\"><b>Professeur Pierre BROUE<\/b>, <i>CHU H\u00f4pital Des Enfants &#8211; TOULOUSE<\/i><br \/><br><b>Docteur Dalila HABES<\/b>, <i>H\u00f4pital Bic\u00eatre &#8211; LE KREMLIN BICETRE<\/i><\/div><\/header><div class=\"btClear btSeparator topSemiSpaced noBorder bt_bb_hidden_xs bt_bb_hidden_ms bt_bb_hidden_sm\" ><hr><\/div><\/div><\/div><div class=\"rowItem col-md-6 col-sm-12 btTextLeft animate animate-fadein animate-moveup inherit btDoublePadding\"  ><div class=\"rowItemContent\" ><div class=\"btClear btSeparator topSemiSpaced noBorder\" ><hr><\/div><header class=\"header btClear medium btDash bottomDash  btAccentDash\" ><div class=\"dash\"><h3><span class=\"headline\"><em>M\u00c9DECINS ADULTES <\/em><\/span><\/h3><\/div><div class=\"btSubTitle\"><b>Docteur Pascal LAFORET<\/b>, <i> Institut de Myologie &#8211; PARIS<\/i><br \/><br><b>Docteur Sabrina SACCONI<\/b>, <i> CHU &#8211; NICE<\/i><br \/><br><b>Docteur Anne SPRAUL<\/b>, <i> APHP H\u00f4pital de Bic\u00eatre- LE KREMLIN BICETRE<\/i><br \/><br><b>Docteur Claire DOUILLARD<\/b>, <i> CHU LILLE H\u00f4pital Claude Huriez &#8211; LILLE<\/i><br \/><br><b>Docteur Karim WAHBI<\/b>, <i> APHP H\u00f4pital Piti\u00e9 Salp\u00e9tri\u00e8re- PARIS<\/i><\/div><\/header><div class=\"btClear btSeparator topSemiSpaced noBorder bt_bb_hidden_xs bt_bb_hidden_ms bt_bb_hidden_sm\" ><hr><\/div><\/div><\/div><\/div><\/div><div class=\"boldRow  \" ><div class=\"boldRowInner\"><div class=\"rowItem col-md-12 col-ms-12  btTextLeft\"  ><div class=\"rowItemContent\" ><div class=\"btClear btSeparator topExtraSmallSpaced bottomExtraSmallSpaced border\" ><hr><\/div><\/div><\/div><\/div><\/div><div class=\"boldRow  \" ><div class=\"boldRowInner\"><div class=\"rowItem col-md-6 col-sm-12 btTextLeft animate animate-fadein animate-moveup inherit btDoublePadding\"  ><div class=\"rowItemContent\" ><div class=\"btClear btSeparator topSemiSpaced noBorder\" ><hr><\/div><header class=\"header btClear medium btDash bottomDash  btAccentDash\" ><div class=\"dash\"><h3><span class=\"headline\"><em>BIOLOGISTES<\/em><\/span><\/h3><\/div><div class=\"btSubTitle\"><b>Docteur Fabienne RAJAS<\/b>, <i>INSERM U1213 &#8211; LYON<\/i><br \/><br><b>Docteur Giuseppe RONZITTI<\/b>, <i> GENETHON &#8211; EVRY<\/i><br \/><br><b>Docteur Patrice VIDAL<\/b>, <i> GENETHON &#8211; EVRY<\/i><\/div><\/header><div class=\"btClear btSeparator topSemiSpaced noBorder bt_bb_hidden_xs bt_bb_hidden_ms bt_bb_hidden_sm\" ><hr><\/div><\/div><\/div><div class=\"rowItem col-md-6 col-sm-12 btTextLeft animate animate-fadein animate-moveup inherit btDoublePadding\"  ><div class=\"rowItemContent\" ><div class=\"btClear btSeparator topSemiSpaced noBorder\" ><hr><\/div><header class=\"header btClear medium btDash bottomDash  btAccentDash\" ><div class=\"dash\"><h3><span class=\"headline\"><em>G\u00c9N\u00c9TICIEN<\/em><\/span><\/h3><\/div><div class=\"btSubTitle\"><b>Docteur Francois PETIT<\/b>, <i>H\u00f4pital Antoine B\u00e9cl\u00e8re &#8211; Clamart<\/i><\/div><\/header><div class=\"btClear btSeparator topSemiSpaced noBorder bt_bb_hidden_xs bt_bb_hidden_ms bt_bb_hidden_sm\" ><hr><\/div><\/div><\/div><\/div><\/div><div class=\"boldRow  \" ><div class=\"boldRowInner\"><div class=\"rowItem col-md-12 col-ms-12  btTextLeft\"  ><div class=\"rowItemContent\" ><div class=\"btClear btSeparator topExtraSmallSpaced bottomExtraSmallSpaced border\" ><hr><\/div><\/div><\/div><\/div><\/div><div class=\"boldRow  \" ><div class=\"boldRowInner\"><div class=\"rowItem col-md-6 col-sm-12 btTextLeft animate animate-fadein animate-moveup inherit btDoublePadding\"  ><div class=\"rowItemContent\" ><div class=\"btClear btSeparator topSemiSpaced noBorder\" ><hr><\/div><header class=\"header btClear medium btDash bottomDash  btAccentDash\" ><div class=\"dash\"><h3><span class=\"headline\"><em>DI\u00c9T\u00c9TICIENNES<\/em><\/span><\/h3><\/div><div class=\"btSubTitle\"><b>Mme Catherine VOILLOT<\/b>, <i>H\u00f4pital Antoine B\u00e9cl\u00e8re &#8211; Clamart<\/i><br \/><br><b>Mme Jo\u00eblle WENZ<\/b>, <i>H\u00f4pital Kremlin Bic\u00eatre &#8211; Le Kremlin-Bic\u00eatre<\/i><\/div><\/header><div class=\"btClear btSeparator topSemiSpaced noBorder bt_bb_hidden_xs bt_bb_hidden_ms bt_bb_hidden_sm\" ><hr><\/div><\/div><\/div><div class=\"rowItem col-md-6 col-sm-12 btTextLeft animate animate-fadein animate-moveup inherit btDoublePadding\"  ><div class=\"rowItemContent\" ><\/div><\/div><\/div><\/div><\/div><\/div><\/div><\/section><\/p>\n","protected":false},"excerpt":{"rendered":"","protected":false},"author":7,"featured_media":0,"parent":107,"menu_order":0,"comment_status":"closed","ping_status":"closed","template":"","meta":[],"_links":{"self":[{"href":"https:\/\/www.glycogenoses.org\/st_qlfctn\/wp-json\/wp\/v2\/pages\/30"}],"collection":[{"href":"https:\/\/www.glycogenoses.org\/st_qlfctn\/wp-json\/wp\/v2\/pages"}],"about":[{"href":"https:\/\/www.glycogenoses.org\/st_qlfctn\/wp-json\/wp\/v2\/types\/page"}],"author":[{"embeddable":true,"href":"https:\/\/www.glycogenoses.org\/st_qlfctn\/wp-json\/wp\/v2\/users\/7"}],"replies":[{"embeddable":true,"href":"https:\/\/www.glycogenoses.org\/st_qlfctn\/wp-json\/wp\/v2\/comments?post=30"}],"version-history":[{"count":40,"href":"https:\/\/www.glycogenoses.org\/st_qlfctn\/wp-json\/wp\/v2\/pages\/30\/revisions"}],"predecessor-version":[{"id":2619,"href":"https:\/\/www.glycogenoses.org\/st_qlfctn\/wp-json\/wp\/v2\/pages\/30\/revisions\/2619"}],"up":[{"embeddable":true,"href":"https:\/\/www.glycogenoses.org\/st_qlfctn\/wp-json\/wp\/v2\/pages\/107"}],"wp:attachment":[{"href":"https:\/\/www.glycogenoses.org\/st_qlfctn\/wp-json\/wp\/v2\/media?parent=30"}],"curies":[{"name":"wp","href":"https:\/\/api.w.org\/{rel}","templated":true}]}}